{"id":94,"date":"2022-03-03T13:50:54","date_gmt":"2022-03-03T13:50:54","guid":{"rendered":"https:\/\/sonnenhof-hanf.at\/?page_id=94"},"modified":"2022-04-21T12:24:20","modified_gmt":"2022-04-21T12:24:20","slug":"agb","status":"publish","type":"page","link":"https:\/\/sonnenhof-hanf.at\/index.php\/agb\/","title":{"rendered":"AGB"},"content":{"rendered":"\n<h4 class=\"alignwide wp-block-heading\" id=\"Seitenanfang-AGB\">Allgemeine Gesch\u00e4ftsbedingungen inkl. DSGVO<\/h4>\n\n\n\n<h5 class=\"alignwide wp-block-heading\">\u00a7 1 Geltungsbereich<\/h5>\n\n\n\n<div class=\"wp-block-columns alignwide is-layout-flex wp-container-core-columns-is-layout-28f84493 wp-block-columns-is-layout-flex\">\n<div class=\"wp-block-column is-layout-flow wp-block-column-is-layout-flow\" style=\"flex-basis:100%\">\n<div class=\"wp-block-columns is-layout-flex wp-container-core-columns-is-layout-28f84493 wp-block-columns-is-layout-flex\">\n<div class=\"wp-block-column is-layout-flow wp-block-column-is-layout-flow\" style=\"flex-basis:100%\">\n<ol class=\"wp-block-list\" type=\"1\"><li>F\u00fcr unsere Angebote, Lieferungen und Leistungen gelten ausschlie\u00dflich unsere nachfolgenden allgemeinen Gesch\u00e4ftsbedingungen.<\/li><li>Unsere allgemeinen Gesch\u00e4ftsbedingungen gelten ausschlie\u00dflich; entgegenstehende oder abweichende allgemeine Gesch\u00e4ftsbedingungen des Kunden erkennen wir nicht an, es sei denn, wir h\u00e4tten ausdr\u00fccklich schriftlich ihrer Geltung zugestimmt. Unsere allgemeinen Gesch\u00e4ftsbedingungen gelten auch dann, wenn wir in Kenntnis entgegenstehender oder abweichender Bedingungen des Kunden unsere Leistung vorbehaltlos erbringen.<\/li><li>Unsere allgemeinen Gesch\u00e4ftsbedingungen gelten sowohl gegen\u00fcber Verbrauchern als auch gegen\u00fcber Unternehmern, es sei denn, in der jeweiligen Klausel wird eine Differenzierung vorgenommen.<\/li><li>Im kaufm\u00e4nnischen Gesch\u00e4ftsverkehr wird Gegenbest\u00e4tigungen unter Hinweis auf Gesch\u00e4fts- oder Einkaufsbedingungen hiermit ausdr\u00fccklich widersprochen. Dies gilt auch, wenn diese durch Best\u00e4tigungsschreiben \u00fcbermittelt werden.<\/li><\/ol>\n<\/div>\n<\/div>\n<\/div>\n<\/div>\n\n\n\n<h5 class=\"alignwide wp-block-heading\">\u00a7 2 Vertragsschluss<\/h5>\n\n\n\n<div class=\"wp-block-columns alignwide is-layout-flex wp-container-core-columns-is-layout-28f84493 wp-block-columns-is-layout-flex\">\n<div class=\"wp-block-column is-layout-flow wp-block-column-is-layout-flow\" style=\"flex-basis:100%\">\n<ol class=\"wp-block-list\" type=\"1\"><li>S\u00e4mtliche Angebote sind freibleibend und unverbindlich. \u00d6ffentliche \u00c4u\u00dferungen des Verk\u00e4ufers, des Herstellers, deren Gehilfen oder Dritter stellen keine die Eigenschaften des Liefergegenstandes erg\u00e4nzenden oder ver\u00e4ndernden Beschreibungen dar. Die wesentlichen Merkmale der von uns angebotenen Waren sowie die G\u00fcltigkeitsdauer befristeter Angebote entnehmen Sie bitte den einzelnen Beschreibungen im Rahmen unserer Angebote. Die f\u00fcr den Vertragsabschluss zur Verf\u00fcgung stehende Sprache ist Deutsch oder Englisch.<\/li><li>Die Bestellung des Kunden stellt ein bindendes Angebot dar, das wir innerhalb von zwei Woche durch Zusendung der Auftragsbest\u00e4tigung oder durch Lieferung der Ware annehmen k\u00f6nnen.<\/li><li>Bestellt der Kunde die Ware auf elektronischem Weg, werden der Vertragstext sowie diese allgemeinen Gesch\u00e4ftsbedingungen in wiedergabef\u00e4higer Form gespeichert und auf Verlangen des Kunden per E-Mail zugesandt.<\/li><li>Wir \u00fcbernehmen kein Beschaffungsrisiko. Wir sind berechtigt, vom Vertrag zur\u00fcckzutreten, soweit wir trotz des vorherigen Abschlusses eines entsprechenden Einkaufvertrags unsererseits den Liefergegenstand, oder Teile davon, nicht erhalten; unsere Verantwortlichkeit f\u00fcr Vorsatz oder Fahrl\u00e4ssigkeit bleibt unber\u00fchrt. Wir werden den K\u00e4ufer unverz\u00fcglich \u00fcber die nicht rechtzeitige Verf\u00fcgbarkeit des Liefergegenstandes informieren und, wenn wir zur\u00fccktreten wollen, das R\u00fccktrittsrecht unverz\u00fcglich aus\u00fcben; wir werden dem K\u00e4ufer im Falle des R\u00fccktritts die entsprechende Gegenleistung unverz\u00fcglich erstatten.<\/li><li>An Angebotsunterlagen, Abbildungen, Zeichnungen, Kalkulationen und sonstigen Unterlagen behalten wir uns Eigentums- und Urheberrechte vor. Dies gilt auch f\u00fcr solche schriftlichen Unterlagen, die als \u201evertraulich\u201c bezeichnet sind. Vor ihrer Weitergabe an Dritte bedarf der Kunde unserer ausdr\u00fccklichen schriftlichen Zustimmung.<\/li><\/ol>\n<\/div>\n<\/div>\n\n\n\n<h5 class=\"alignwide wp-block-heading\">\u00a7 3 Preise und Zahlungen<\/h5>\n\n\n\n<div class=\"wp-block-columns alignwide is-layout-flex wp-container-core-columns-is-layout-28f84493 wp-block-columns-is-layout-flex\">\n<div class=\"wp-block-column is-layout-flow wp-block-column-is-layout-flow\" style=\"flex-basis:100%\">\n<ol class=\"wp-block-list\" type=\"1\"><li>Der von uns angebotene Preis ist bindend. Die Preise sind in Euro und die Umsatzsteuer wird gegebenenfalls gesondert ausgewiesen.<\/li><li>Es fallen gegebenenfalls zus\u00e4tzlich Liefer- und Versandkosten an, die im Rahmen des konkreten Angebots gesondert ausgewiesen werden.<\/li><li>Soweit nichts anderes vereinbart wurde, erfolgt der Versand der Ware ausschlie\u00dflich gegen Vorkasse. Die Zahlungen sind kosten- und spesenfrei an uns zu erbringen. Im Falle des Zahlungsverzugs gelten die gesetzlichen Regelungen.<\/li><li>Aufrechnungsrechte stehen dem Kunden nur zu, wenn seine Gegenanspr\u00fcche rechtskr\u00e4ftig festgestellt, unbestritten oder von uns anerkannt sind. Ist der Kunde Unternehmer, ist er zur Aus\u00fcbung eines Zur\u00fcckbehaltungsrechts nur befugt, wenn sein Gegenanspruch auf dem gleichen Vertragsverh\u00e4ltnis beruht.<\/li><\/ol>\n<\/div>\n<\/div>\n\n\n\n<h5 class=\"alignwide wp-block-heading\">\u00a7 4 Lieferung<\/h5>\n\n\n\n<div class=\"wp-block-columns alignwide is-layout-flex wp-container-core-columns-is-layout-28f84493 wp-block-columns-is-layout-flex\">\n<div class=\"wp-block-column is-layout-flow wp-block-column-is-layout-flow\" style=\"flex-basis:100%\">\n<ol class=\"wp-block-list\" type=\"1\"><li>Der Kunde tr\u00e4gt die Kosten der Versendung, die im Rahmen des konkreten Angebots gesondert ausgewiesen werden.<\/li><li>Ist der Kunde Verbraucher, tragen wir das Versandrisiko unabh\u00e4ngig von der Versandart.<\/li><li>Die Lieferzeit betr\u00e4gt innerhalb \u00d6sterreichs 5-7 Werktage, ins Ausland 5-20 Werktage ab Zahlungseingang.<\/li><\/ol>\n<\/div>\n<\/div>\n\n\n\n<h5 class=\"alignwide wp-block-heading\">\u00a7 5 Widerrufsrecht f\u00fcr Verbraucher<\/h5>\n\n\n\n<div class=\"wp-block-columns alignwide is-layout-flex wp-container-core-columns-is-layout-28f84493 wp-block-columns-is-layout-flex\">\n<div class=\"wp-block-column is-layout-flow wp-block-column-is-layout-flow\" style=\"flex-basis:100%\">\n<p>Verbrauchern steht ein Widerrufsrecht nach folgender Ma\u00dfgabe zu, wobei Verbraucher jede nat\u00fcrliche Person ist, die ein Rechtsgesch\u00e4ft zu Zwecken abschlie\u00dft, die \u00fcberwiegend weder ihrer gewerblichen noch ihrer selbst\u00e4ndigen beruflichen T\u00e4tigkeit zugerechnet werden k\u00f6nnen:<\/p>\n<\/div>\n<\/div>\n\n\n\n<h6 class=\"alignwide wp-block-heading\">Widerrufsbelehrung<\/h6>\n\n\n\n<h6 class=\"alignwide wp-block-heading\"><em>Widerrufsrecht<\/em><\/h6>\n\n\n\n<div class=\"wp-block-columns alignwide is-layout-flex wp-container-core-columns-is-layout-28f84493 wp-block-columns-is-layout-flex\">\n<div class=\"wp-block-column is-layout-flow wp-block-column-is-layout-flow\" style=\"flex-basis:100%\">\n<p>Sie haben das Recht, binnen vierzehn Tagen ohne Angabe von Gr\u00fcnden diesen Vertrag zu widerrufen.<\/p>\n\n\n\n<p>Die Widerrufsfrist betr\u00e4gt vierzehn Tage ab dem Tag, an dem Sie oder ein von Ihnen benannter Dritter, der nicht der Bef\u00f6rderer ist, die letzte Ware in Besitz genommen haben bzw. hat.<\/p>\n\n\n\n<p>Um Ihr Widerrufsrecht auszu\u00fcben, m\u00fcssen Sie uns, die Sonnenhof GmbH, per E-Mail an<br>augustin@sonnenhof-hanf.at<br>\u00fcber Ihren Entschluss, diesen Vertrag zu widerrufen, informieren.&nbsp;<\/p>\n\n\n\n<p>Zur Wahrung der Widerrufsfrist reicht es aus, dass Sie die Mitteilung \u00fcber die Aus\u00fcbung des Widerrufsrechts vor Ablauf der Widerrufsfrist absenden.<\/p>\n<\/div>\n<\/div>\n\n\n\n<div class=\"wp-block-columns alignwide is-layout-flex wp-container-core-columns-is-layout-28f84493 wp-block-columns-is-layout-flex\">\n<div class=\"wp-block-column is-layout-flow wp-block-column-is-layout-flow\" style=\"flex-basis:100%\">\n<h6 class=\"wp-block-heading\"><em>Folgen des Widerrufs<\/em><\/h6>\n<\/div>\n<\/div>\n\n\n\n<div class=\"wp-block-columns alignwide is-layout-flex wp-container-core-columns-is-layout-28f84493 wp-block-columns-is-layout-flex\">\n<div class=\"wp-block-column is-layout-flow wp-block-column-is-layout-flow\" style=\"flex-basis:100%\">\n<p>Wenn Sie diesen Vertrag widerrufen, haben wir Ihnen alle Zahlungen, die wir von Ihnen erhalten haben, einschlie\u00dflich der Lieferkosten (mit Ausnahme der zus\u00e4tzlichen Kosten, die sich daraus ergeben, dass Sie eine andere Art der Lieferung als die von uns angebotene, g\u00fcnstigste Standardlieferung gew\u00e4hlt haben), unverz\u00fcglich und sp\u00e4testens binnen vierzehn Tagen ab dem Tag zur\u00fcckzuzahlen, an dem die Mitteilung \u00fcber Ihren Widerruf dieses Vertrags bei uns eingegangen ist. F\u00fcr diese R\u00fcckzahlung verwenden wir dasselbe Zahlungsmittel, das Sie bei der urspr\u00fcnglichen Transaktion eingesetzt haben, es sei denn, mit Ihnen wurde ausdr\u00fccklich etwas anderes vereinbart; in keinem Fall werden Ihnen wegen dieser R\u00fcckzahlung Entgelte berechnet.<\/p>\n\n\n\n<p>Wir k\u00f6nnen die R\u00fcckzahlung verweigern, bis wir die Waren wieder zur\u00fcckerhalten haben oder bis Sie den Nachweis erbracht haben, dass Sie die Waren zur\u00fcckgesandt haben, je nachdem, welches der fr\u00fchere Zeitpunkt ist.<\/p>\n\n\n\n<p>Sie haben die Waren unverz\u00fcglich und in jedem Fall sp\u00e4testens binnen vierzehn Tagen ab dem Tag, an dem Sie uns \u00fcber den Widerruf dieses Vertrags unterrichten, an uns zur\u00fcckzusenden oder zu \u00fcbergeben. Die Frist ist gewahrt, wenn Sie die Waren vor Ablauf der Frist von vierzehn Tagen absenden.<\/p>\n\n\n\n<p>Sie tragen die unmittelbaren Kosten der R\u00fccksendung der Waren.<\/p>\n\n\n\n<p>Bei Sendungen, die ein Gewicht von 30 kg \u00fcberschreiten, als Sperrgut oder per Spedition verschickt wurden, tragen Sie ebenfalls die unmittelbaren Kosten der R\u00fccksendung der Waren.<\/p>\n\n\n\n<p>Sie m\u00fcssen f\u00fcr einen etwaigen Wertverlust der Waren nur aufkommen, wenn dieser Wertverlust auf einen zur Pr\u00fcfung der Beschaffenheit, Eigenschaften und Funktionsweise der Waren nicht notwendigen Umgang mit ihnen zur\u00fcckzuf\u00fchren ist.<\/p>\n<\/div>\n<\/div>\n\n\n\n<div class=\"wp-block-columns alignwide is-layout-flex wp-container-core-columns-is-layout-28f84493 wp-block-columns-is-layout-flex\">\n<div class=\"wp-block-column is-layout-flow wp-block-column-is-layout-flow\" style=\"flex-basis:100%\">\n<h6 class=\"wp-block-heading\"><em>Das Widerrufsrecht besteht nicht bzw. erlischt bei folgenden Vertr\u00e4gen:<\/em><\/h6>\n<\/div>\n<\/div>\n\n\n\n<div class=\"wp-block-columns alignwide is-layout-flex wp-container-core-columns-is-layout-28f84493 wp-block-columns-is-layout-flex\">\n<div class=\"wp-block-column is-layout-flow wp-block-column-is-layout-flow\">\n<ul class=\"wp-block-list\"><li>bei Lieferung von Waren, die aus Gr\u00fcnden des Gesundheitsschutzes oder aus Hygienegr\u00fcnden nicht zur R\u00fcckgabe geeignet sind und deren Versiegelung nach der Lieferung entfernt wurde.<\/li><li>bei Lieferung von Waren, die nach Kundenspezifikation angefertigt werden oder eindeutig auf die pers\u00f6nlichen Bed\u00fcrfnisse zugeschnitten sind und<\/li><li>bei Lieferung von Waren, die schnell verderben k\u00f6nnen oder deren Verfallsdatum schnell \u00fcberschritten w\u00fcrde.<\/li><\/ul>\n<\/div>\n<\/div>\n\n\n\n<h6 class=\"alignwide wp-block-heading\">\u00a7 5a Vorlage-Widerruf<\/h6>\n\n\n\n<div class=\"wp-block-columns alignwide is-layout-flex wp-container-core-columns-is-layout-28f84493 wp-block-columns-is-layout-flex\">\n<div class=\"wp-block-column is-layout-flow wp-block-column-is-layout-flow\" style=\"flex-basis:100%\">\n<p>Wenn Sie den Vertrag widerrufen wollen, dann nutzen geben Sie bitte folgende Informationen an und senden diese an<br>augustin@sonnenhof-hanf.at.<\/p>\n\n\n\n<p><br>Hiermit widerrufe ich den von mir abgeschlossenen Vertrag \u00fcber den Kauf der folgenden Waren:<\/p>\n\n\n\n<p>erhalten am:<\/p>\n\n\n\n<p>Rechnungsnummer:<\/p>\n\n\n\n<p>aktuelles Datum:<\/p>\n\n\n\n<p>Name und Anschrift des Verbrauchers: <\/p>\n<\/div>\n<\/div>\n\n\n\n<h5 class=\"alignwide wp-block-heading\">\u00a7 6 Eigentumsvorbehalt<\/h5>\n\n\n\n<div class=\"wp-block-columns alignwide is-layout-flex wp-container-core-columns-is-layout-28f84493 wp-block-columns-is-layout-flex\">\n<div class=\"wp-block-column is-layout-flow wp-block-column-is-layout-flow\" style=\"flex-basis:100%\">\n<ol class=\"wp-block-list\" type=\"1\"><li>Ist der Kunde Verbraucher, behalten wir uns das Eigentum an dem Liefergegenstand bis zur vollst\u00e4ndigen Bezahlung des Kaufpreises vor.<\/li><li>Ist der Kunde Unternehmer, behalten wir uns das Eigentum am Liefergegenstand bis zur Erf\u00fcllung s\u00e4mtlicher Forderungen aus der Gesch\u00e4ftsverbindung vor, auch wenn der konkrete Liefergegenstand bereits bezahlt wurde.<\/li><\/ol>\n\n\n\n<h5 class=\"wp-block-heading\">\u00a7 7 Gew\u00e4hrleistung<\/h5>\n\n\n\n<ol class=\"wp-block-list\" type=\"1\"><li>Es besteht ein gesetzliches M\u00e4ngelhaftungsrecht (Gew\u00e4hrleistung) f\u00fcr alle von uns verkauften Waren.<\/li><li>Ist der Kunde Verbraucher, gelten die gesetzlichen Gew\u00e4hrleistungsvorschriften.<\/li><li>Ist der Kunde Unternehmer, betr\u00e4gt die Gew\u00e4hrleistungsfrist 1 Jahr und beginnt mit Gefahr\u00fcbergang. Die Verj\u00e4hrungsfrist im Fall eines Lieferregresses nach den \u00a7\u00a7 478, 479 BGB bleibt hiervon unber\u00fchrt.<\/li><\/ol>\n\n\n\n<h5 class=\"wp-block-heading\">\u00a7 8 DSGVO<\/h5>\n\n\n\n<p>Wir beachten die Bestimmungen aller datenschutzrechtlichen Vorschriften. Wir erheben, speichern und nutzen personenbezogene Daten ausschlie\u00dflich zur Erf\u00fcllung des Vertragsverh\u00e4ltnisses mit dem Vertragspartner. Wir sind berechtigt, Kundendaten an Dritte weiterzugeben, soweit dies zur Abwicklung des Vertragsverh\u00e4ltnisses erforderlich ist. Gem\u00e4\u00df dem Datenschutzgesetz erteilen wir Ihnen jederzeit Auskunft \u00fcber die bei uns gespeicherten Daten. Sie k\u00f6nnen auf Wunsch gem\u00e4\u00df den Vorschriften des Datenschutzgesetzes auch die Berichtigung, L\u00f6schung oder Sperrung Ihrer Daten verlangen. Kontaktieren Sie uns hierzu bitte per E-Mail: augustin@sonnenhof-hanf.at<\/p>\n\n\n\n<h5 class=\"wp-block-heading\">\u00a7 9 Hinweise<\/h5>\n\n\n\n<ol class=\"wp-block-list\" type=\"1\"><li>Die von uns dargestellten Produktfotografien k\u00f6nnen technisch bedingt nicht exakt die nat\u00fcrliche Farbe und tats\u00e4chliche Gr\u00f6\u00dfe der Produkte wiedergeben. Farbabweichungen sind daher m\u00f6glich und stellen keinen Mangel dar.<\/li><li>Sollten einzelne Bestimmungen dieser Bedingungen ganz oder teilweise unwirksam sein oder werden, wird hierdurch die G\u00fcltigkeit der \u00fcbrigen Bestimmungen nicht ber\u00fchrt.<\/li><\/ol>\n\n\n\n<div class=\"wp-block-columns is-layout-flex wp-container-core-columns-is-layout-28f84493 wp-block-columns-is-layout-flex\">\n<div class=\"wp-block-column is-layout-flow wp-block-column-is-layout-flow\">\n<h5 class=\"wp-block-heading\">\u00a7 10 Erf\u00fcllungsort und Gerichtsstand<\/h5>\n\n\n\n<ol class=\"wp-block-list\" type=\"1\"><li>Diese Bedingungen und alle weiteren Vereinbarungen des Vertragspartners mit uns unterliegen dem Recht die Republik \u00d6sterreich. Die Anwendung des Internationalen Kaufrechts ist ausgeschlossen.<\/li><li>Erf\u00fcllungsort und Gerichtsstand f\u00fcr s\u00e4mtliche Anspr\u00fcche aus dem Vertragsverh\u00e4ltnis und alle sich im Zusammenhang mit der Gesch\u00e4ftsbeziehung ergebenden Streitigkeiten, ist unser Sitz.<\/li><\/ol>\n\n\n\n<div class=\"wp-block-file\"><a id=\"wp-block-file--media-a9b43759-66a2-497e-83a6-dc85cd848554\" href=\"https:\/\/sonnenhof-hanf.at\/wp-content\/uploads\/2022\/03\/220303-AGB-Sonnenhof-GmbH.pdf\" target=\"_blank\" rel=\"noreferrer noopener\">AGB Sonnenhof GmbH<\/a><a href=\"https:\/\/sonnenhof-hanf.at\/wp-content\/uploads\/2022\/03\/220303-AGB-Sonnenhof-GmbH.pdf\" class=\"wp-block-file__button\" download aria-describedby=\"wp-block-file--media-a9b43759-66a2-497e-83a6-dc85cd848554\">Herunterladen<\/a><\/div>\n<\/div>\n<\/div>\n<\/div>\n<\/div>\n\n\n\n<div class=\"wp-block-columns alignwide is-layout-flex wp-container-core-columns-is-layout-28f84493 wp-block-columns-is-layout-flex\">\n<div class=\"wp-block-column is-layout-flow wp-block-column-is-layout-flow\" style=\"flex-basis:100%\"><\/div>\n<\/div>\n\n\n\n<div class=\"wp-block-cover alignfull\" style=\"min-height:164px;aspect-ratio:unset;\"><span aria-hidden=\"true\" class=\"has-foreground-background-color has-background-dim-100 wp-block-cover__gradient-background has-background-dim\"><\/span><div class=\"wp-block-cover__inner-container is-layout-flow wp-block-cover-is-layout-flow\">\n<p class=\"has-link-color has-medium-font-size wp-elements-08d8635bac990f0d034252ba0a62a364\"><a data-type=\"URL\" data-id=\"https:\/\/sonnenhof-hanf.at\/index.php\/agb\/#Seitenanfang-AGB\" href=\"https:\/\/sonnenhof-hanf.at\/index.php\/agb\/#Seitenanfang-AGB\">zum Seitenanfang<\/a><\/p>\n\n\n\n<p class=\"has-text-align-left has-link-color has-medium-font-size wp-elements-3b8bbbf8305d57fef262c70408bdaf71\"><a href=\"https:\/\/sonnenhof-hanf.at\/\">zur\u00fcck zur Hauptseite<\/a><\/p>\n<\/div><\/div>\n","protected":false},"excerpt":{"rendered":"<p>Allgemeine Gesch\u00e4ftsbedingungen inkl. DSGVO \u00a7 1 Geltungsbereich F\u00fcr unsere Angebote, Lieferungen und Leistungen gelten ausschlie\u00dflich unsere nachfolgenden allgemeinen Gesch\u00e4ftsbedingungen. Unsere allgemeinen Gesch\u00e4ftsbedingungen gelten ausschlie\u00dflich; entgegenstehende oder abweichende allgemeine Gesch\u00e4ftsbedingungen des Kunden erkennen wir nicht an, es sei denn, wir h\u00e4tten ausdr\u00fccklich schriftlich ihrer Geltung zugestimmt. Unsere allgemeinen Gesch\u00e4ftsbedingungen gelten auch dann, wenn wir in Kenntnis [&hellip;]<\/p>\n","protected":false},"author":1,"featured_media":0,"parent":0,"menu_order":0,"comment_status":"closed","ping_status":"closed","template":"","meta":{"footnotes":""},"class_list":["post-94","page","type-page","status-publish","hentry"],"yoast_head":"<!-- This site is optimized with the Yoast SEO plugin v27.5 - https:\/\/yoast.com\/product\/yoast-seo-wordpress\/ -->\n<title>AGB und DSGVO www.sonnenhof-hanf.at<\/title>\n<meta name=\"description\" content=\"Allgemeine Gesch\u00e4ftsbedingungen inkl. DSGVO\" \/>\n<meta name=\"robots\" content=\"index, follow, max-snippet:-1, max-image-preview:large, max-video-preview:-1\" \/>\n<link rel=\"canonical\" href=\"https:\/\/sonnenhof-hanf.at\/index.php\/agb\/\" \/>\n<meta property=\"og:locale\" content=\"de_DE\" \/>\n<meta property=\"og:type\" content=\"article\" \/>\n<meta property=\"og:title\" content=\"AGB und DSGVO www.sonnenhof-hanf.at\" \/>\n<meta property=\"og:description\" content=\"Allgemeine Gesch\u00e4ftsbedingungen inkl. DSGVO\" \/>\n<meta property=\"og:url\" content=\"https:\/\/sonnenhof-hanf.at\/index.php\/agb\/\" \/>\n<meta property=\"og:site_name\" content=\"www.sonnenhof-hanf.at\" \/>\n<meta property=\"article:modified_time\" content=\"2022-04-21T12:24:20+00:00\" \/>\n<meta property=\"og:image\" content=\"https:\/\/sonnenhof-hanf.at\/wp-content\/uploads\/2022\/03\/Logo_Augustin_kreisrunder_schwarzer_Hintergrund-7cm.png\" \/>\n\t<meta property=\"og:image:width\" content=\"827\" \/>\n\t<meta property=\"og:image:height\" content=\"820\" \/>\n\t<meta property=\"og:image:type\" content=\"image\/png\" \/>\n<meta name=\"twitter:card\" content=\"summary_large_image\" \/>\n<meta name=\"twitter:label1\" content=\"Gesch\u00e4tzte Lesezeit\" \/>\n\t<meta name=\"twitter:data1\" content=\"8\u00a0Minuten\" \/>\n<script type=\"application\/ld+json\" class=\"yoast-schema-graph\">{\"@context\":\"https:\\\/\\\/schema.org\",\"@graph\":[{\"@type\":\"WebPage\",\"@id\":\"https:\\\/\\\/sonnenhof-hanf.at\\\/index.php\\\/agb\\\/\",\"url\":\"https:\\\/\\\/sonnenhof-hanf.at\\\/index.php\\\/agb\\\/\",\"name\":\"AGB und DSGVO www.sonnenhof-hanf.at\",\"isPartOf\":{\"@id\":\"https:\\\/\\\/sonnenhof-hanf.at\\\/#website\"},\"datePublished\":\"2022-03-03T13:50:54+00:00\",\"dateModified\":\"2022-04-21T12:24:20+00:00\",\"description\":\"Allgemeine Gesch\u00e4ftsbedingungen inkl. DSGVO\",\"breadcrumb\":{\"@id\":\"https:\\\/\\\/sonnenhof-hanf.at\\\/index.php\\\/agb\\\/#breadcrumb\"},\"inLanguage\":\"de\",\"potentialAction\":[{\"@type\":\"ReadAction\",\"target\":[\"https:\\\/\\\/sonnenhof-hanf.at\\\/index.php\\\/agb\\\/\"]}]},{\"@type\":\"BreadcrumbList\",\"@id\":\"https:\\\/\\\/sonnenhof-hanf.at\\\/index.php\\\/agb\\\/#breadcrumb\",\"itemListElement\":[{\"@type\":\"ListItem\",\"position\":1,\"name\":\"Startseite\",\"item\":\"https:\\\/\\\/sonnenhof-hanf.at\\\/\"},{\"@type\":\"ListItem\",\"position\":2,\"name\":\"AGB\"}]},{\"@type\":\"WebSite\",\"@id\":\"https:\\\/\\\/sonnenhof-hanf.at\\\/#website\",\"url\":\"https:\\\/\\\/sonnenhof-hanf.at\\\/\",\"name\":\"www.sonnenhof-hanf.at\",\"description\":\"Lebensmittel aus Hanf\",\"publisher\":{\"@id\":\"https:\\\/\\\/sonnenhof-hanf.at\\\/#organization\"},\"potentialAction\":[{\"@type\":\"SearchAction\",\"target\":{\"@type\":\"EntryPoint\",\"urlTemplate\":\"https:\\\/\\\/sonnenhof-hanf.at\\\/?s={search_term_string}\"},\"query-input\":{\"@type\":\"PropertyValueSpecification\",\"valueRequired\":true,\"valueName\":\"search_term_string\"}}],\"inLanguage\":\"de\"},{\"@type\":\"Organization\",\"@id\":\"https:\\\/\\\/sonnenhof-hanf.at\\\/#organization\",\"name\":\"Sonnenhof GmbH - Augustin\",\"url\":\"https:\\\/\\\/sonnenhof-hanf.at\\\/\",\"logo\":{\"@type\":\"ImageObject\",\"inLanguage\":\"de\",\"@id\":\"https:\\\/\\\/sonnenhof-hanf.at\\\/#\\\/schema\\\/logo\\\/image\\\/\",\"url\":\"https:\\\/\\\/sonnenhof-hanf.at\\\/wp-content\\\/uploads\\\/2022\\\/03\\\/Logo_Augustin_kreisrunder_schwarzer_Hintergrund-7cm.png\",\"contentUrl\":\"https:\\\/\\\/sonnenhof-hanf.at\\\/wp-content\\\/uploads\\\/2022\\\/03\\\/Logo_Augustin_kreisrunder_schwarzer_Hintergrund-7cm.png\",\"width\":827,\"height\":820,\"caption\":\"Sonnenhof GmbH - Augustin\"},\"image\":{\"@id\":\"https:\\\/\\\/sonnenhof-hanf.at\\\/#\\\/schema\\\/logo\\\/image\\\/\"}}]}<\/script>\n<!-- \/ Yoast SEO plugin. -->","yoast_head_json":{"title":"AGB und DSGVO www.sonnenhof-hanf.at","description":"Allgemeine Gesch\u00e4ftsbedingungen inkl. DSGVO","robots":{"index":"index","follow":"follow","max-snippet":"max-snippet:-1","max-image-preview":"max-image-preview:large","max-video-preview":"max-video-preview:-1"},"canonical":"https:\/\/sonnenhof-hanf.at\/index.php\/agb\/","og_locale":"de_DE","og_type":"article","og_title":"AGB und DSGVO www.sonnenhof-hanf.at","og_description":"Allgemeine Gesch\u00e4ftsbedingungen inkl. DSGVO","og_url":"https:\/\/sonnenhof-hanf.at\/index.php\/agb\/","og_site_name":"www.sonnenhof-hanf.at","article_modified_time":"2022-04-21T12:24:20+00:00","og_image":[{"width":827,"height":820,"url":"https:\/\/sonnenhof-hanf.at\/wp-content\/uploads\/2022\/03\/Logo_Augustin_kreisrunder_schwarzer_Hintergrund-7cm.png","type":"image\/png"}],"twitter_card":"summary_large_image","twitter_misc":{"Gesch\u00e4tzte Lesezeit":"8\u00a0Minuten"},"schema":{"@context":"https:\/\/schema.org","@graph":[{"@type":"WebPage","@id":"https:\/\/sonnenhof-hanf.at\/index.php\/agb\/","url":"https:\/\/sonnenhof-hanf.at\/index.php\/agb\/","name":"AGB und DSGVO www.sonnenhof-hanf.at","isPartOf":{"@id":"https:\/\/sonnenhof-hanf.at\/#website"},"datePublished":"2022-03-03T13:50:54+00:00","dateModified":"2022-04-21T12:24:20+00:00","description":"Allgemeine Gesch\u00e4ftsbedingungen inkl. DSGVO","breadcrumb":{"@id":"https:\/\/sonnenhof-hanf.at\/index.php\/agb\/#breadcrumb"},"inLanguage":"de","potentialAction":[{"@type":"ReadAction","target":["https:\/\/sonnenhof-hanf.at\/index.php\/agb\/"]}]},{"@type":"BreadcrumbList","@id":"https:\/\/sonnenhof-hanf.at\/index.php\/agb\/#breadcrumb","itemListElement":[{"@type":"ListItem","position":1,"name":"Startseite","item":"https:\/\/sonnenhof-hanf.at\/"},{"@type":"ListItem","position":2,"name":"AGB"}]},{"@type":"WebSite","@id":"https:\/\/sonnenhof-hanf.at\/#website","url":"https:\/\/sonnenhof-hanf.at\/","name":"www.sonnenhof-hanf.at","description":"Lebensmittel aus Hanf","publisher":{"@id":"https:\/\/sonnenhof-hanf.at\/#organization"},"potentialAction":[{"@type":"SearchAction","target":{"@type":"EntryPoint","urlTemplate":"https:\/\/sonnenhof-hanf.at\/?s={search_term_string}"},"query-input":{"@type":"PropertyValueSpecification","valueRequired":true,"valueName":"search_term_string"}}],"inLanguage":"de"},{"@type":"Organization","@id":"https:\/\/sonnenhof-hanf.at\/#organization","name":"Sonnenhof GmbH - Augustin","url":"https:\/\/sonnenhof-hanf.at\/","logo":{"@type":"ImageObject","inLanguage":"de","@id":"https:\/\/sonnenhof-hanf.at\/#\/schema\/logo\/image\/","url":"https:\/\/sonnenhof-hanf.at\/wp-content\/uploads\/2022\/03\/Logo_Augustin_kreisrunder_schwarzer_Hintergrund-7cm.png","contentUrl":"https:\/\/sonnenhof-hanf.at\/wp-content\/uploads\/2022\/03\/Logo_Augustin_kreisrunder_schwarzer_Hintergrund-7cm.png","width":827,"height":820,"caption":"Sonnenhof GmbH - Augustin"},"image":{"@id":"https:\/\/sonnenhof-hanf.at\/#\/schema\/logo\/image\/"}}]}},"_links":{"self":[{"href":"https:\/\/sonnenhof-hanf.at\/index.php\/wp-json\/wp\/v2\/pages\/94","targetHints":{"allow":["GET"]}}],"collection":[{"href":"https:\/\/sonnenhof-hanf.at\/index.php\/wp-json\/wp\/v2\/pages"}],"about":[{"href":"https:\/\/sonnenhof-hanf.at\/index.php\/wp-json\/wp\/v2\/types\/page"}],"author":[{"embeddable":true,"href":"https:\/\/sonnenhof-hanf.at\/index.php\/wp-json\/wp\/v2\/users\/1"}],"replies":[{"embeddable":true,"href":"https:\/\/sonnenhof-hanf.at\/index.php\/wp-json\/wp\/v2\/comments?post=94"}],"version-history":[{"count":22,"href":"https:\/\/sonnenhof-hanf.at\/index.php\/wp-json\/wp\/v2\/pages\/94\/revisions"}],"predecessor-version":[{"id":390,"href":"https:\/\/sonnenhof-hanf.at\/index.php\/wp-json\/wp\/v2\/pages\/94\/revisions\/390"}],"wp:attachment":[{"href":"https:\/\/sonnenhof-hanf.at\/index.php\/wp-json\/wp\/v2\/media?parent=94"}],"curies":[{"name":"wp","href":"https:\/\/api.w.org\/{rel}","templated":true}]}}